{"id":14,"date":"2025-07-11T07:05:13","date_gmt":"2025-07-11T04:05:13","guid":{"rendered":"https:\/\/klinikarastirmasigortasi.com\/?page_id=14"},"modified":"2025-09-19T07:52:08","modified_gmt":"2025-09-19T04:52:08","slug":"home","status":"publish","type":"page","link":"https:\/\/klinikarastirmasigortasi.com\/","title":{"rendered":"Home"},"content":{"rendered":"\n<div class=\"wp-block-cover alignfull is-light\" style=\"min-height:720px;aspect-ratio:unset;\"><span aria-hidden=\"true\" class=\"wp-block-cover__background has-background-dim-100 has-background-dim has-background-gradient\" style=\"background:linear-gradient(35deg,rgb(6,0,151) 0%,rgb(130,4,255) 73%,rgb(193,15,255) 100%)\"><\/span><div class=\"wp-block-cover__inner-container is-layout-flow wp-block-cover-is-layout-flow\">\n<div class=\"inherit-container-width wp-block-group alignwide is-layout-constrained wp-block-group-is-layout-constrained\">\n<div class=\"wp-block-media-text alignwide has-media-on-the-right is-stacked-on-mobile is-vertically-aligned-center\" style=\"grid-template-columns:auto 43%\"><div class=\"wp-block-media-text__content\">\n<h1 class=\"wp-block-heading has-text-align-left has-white-color has-text-color has-x-large-font-size\">Klinik Ara\u015ft\u0131rma Sigortas\u0131<\/h1>\n\n\n\n<p class=\"has-white-color has-text-color\">Sigorta hizmetlerimiz i\u00e7in teklif almak i\u00e7in bize ula\u015fabilirsiniz.<\/p>\n\n\n\n<div class=\"wp-block-buttons is-layout-flex wp-block-buttons-is-layout-flex\">\n<div class=\"wp-block-button has-custom-width wp-block-button__width-50\"><a class=\"wp-block-button__link wp-element-button\" href=\"https:\/\/klinikarastirmasigortasi.com\/?page_id=58\">TEKL\u0130F AL<\/a><\/div>\n<\/div>\n<\/div><figure class=\"wp-block-media-text__media\"><img loading=\"lazy\" decoding=\"async\" width=\"593\" height=\"444\" src=\"https:\/\/klinikarastirmasigortasi.com\/wp-content\/uploads\/2025\/07\/hjk.png\" alt=\"\" class=\"wp-image-75 size-full\" srcset=\"https:\/\/klinikarastirmasigortasi.com\/wp-content\/uploads\/2025\/07\/hjk.png 593w, https:\/\/klinikarastirmasigortasi.com\/wp-content\/uploads\/2025\/07\/hjk-300x225.png 300w\" sizes=\"auto, (max-width: 593px) 100vw, 593px\" \/><\/figure><\/div>\n<\/div>\n<\/div><\/div>\n\n\n\n<div class=\"wp-block-group alignfull has-ast-global-color-5-background-color has-background is-layout-constrained wp-container-core-group-is-layout-9cedb757 wp-block-group-is-layout-constrained\" style=\"padding-bottom:0px\">\n<div class=\"wp-block-group is-layout-constrained wp-block-group-is-layout-constrained\"><\/div>\n<\/div>\n\n\n\n<div class=\"wp-block-group alignfull is-layout-constrained wp-container-core-group-is-layout-45b0ac4f wp-block-group-is-layout-constrained\" id=\"services\" style=\"padding-top:144px;padding-bottom:0px\">\n<h2 class=\"wp-block-heading\">\u00dcR\u00dcNLER\u0130M\u0130Z<\/h2>\n\n\n\n<div class=\"wp-block-columns is-layout-flex wp-container-core-columns-is-layout-60cbf9bb wp-block-columns-is-layout-flex\" style=\"margin-top:50px\">\n<div class=\"wp-block-column is-layout-flow wp-container-core-column-is-layout-6b73ce23 wp-block-column-is-layout-flow\">\n<figure class=\"wp-block-image size-full is-resized is-style-rounded\"><img loading=\"lazy\" decoding=\"async\" width=\"605\" height=\"341\" src=\"https:\/\/klinikarastirmasigortasi.com\/wp-content\/uploads\/2025\/07\/Resim1-1.jpg\" alt=\"\" class=\"wp-image-46\" style=\"width:550px\" srcset=\"https:\/\/klinikarastirmasigortasi.com\/wp-content\/uploads\/2025\/07\/Resim1-1.jpg 605w, https:\/\/klinikarastirmasigortasi.com\/wp-content\/uploads\/2025\/07\/Resim1-1-300x169.jpg 300w\" sizes=\"auto, (max-width: 605px) 100vw, 605px\" \/><\/figure>\n\n\n\n<h3 class=\"wp-block-heading\" style=\"margin-top:16px\"><strong>Klinik Ara\u015ft\u0131rmalar Sorumluluk Sigortas\u0131<\/strong><\/h3>\n\n\n\n<p>Klinik ara\u015ft\u0131rmaya kat\u0131lan g\u00f6n\u00fcll\u00fclerin, klinik ara\u015ft\u0131rma s\u0131ras\u0131nda kullan\u0131lan ara\u015ft\u0131rma \u00fcr\u00fcnlerinden ve ara\u015ft\u0131rmada uygulanan i\u015flemlerden dolay\u0131 olu\u015fabilecek zarara maruz kalmas\u0131 veya \u00f6lmesi halinde poli\u00e7ede yaz\u0131l\u0131 teminat limitine kadar g\u00fcvence alt\u0131na alan sigorta t\u00fcr\u00fcd\u00fcr.<\/p>\n<\/div>\n\n\n\n<div class=\"wp-block-column is-layout-flow wp-container-core-column-is-layout-6b73ce23 wp-block-column-is-layout-flow\">\n<figure class=\"wp-block-image size-full is-resized is-style-rounded\"><img loading=\"lazy\" decoding=\"async\" width=\"501\" height=\"300\" src=\"https:\/\/klinikarastirmasigortasi.com\/wp-content\/uploads\/2025\/07\/Resim2.jpg\" alt=\"\" class=\"wp-image-42\" style=\"width:550px\" srcset=\"https:\/\/klinikarastirmasigortasi.com\/wp-content\/uploads\/2025\/07\/Resim2.jpg 501w, https:\/\/klinikarastirmasigortasi.com\/wp-content\/uploads\/2025\/07\/Resim2-300x180.jpg 300w\" sizes=\"auto, (max-width: 501px) 100vw, 501px\" \/><\/figure>\n\n\n\n<h3 class=\"wp-block-heading\" style=\"margin-top:16px\"><strong>\u00dcr\u00fcn Sorumluluk Sigortalar\u0131<\/strong><\/h3>\n\n\n\n<p>\u00dcr\u00fcn sorumluluk sigortas\u0131; bir \u00fcr\u00fcn\u00fcn kullan\u0131m\u0131 sonucunda ki\u015filerin yaralanmas\u0131 veya mallar\u0131n zarar g\u00f6rmesi durumunda, \u00fcretici ve ilgili taraflar\u0131 mali a\u00e7\u0131dan koruma alt\u0131na alan bir sigorta t\u00fcr\u00fcd\u00fcr.<\/p>\n<\/div>\n<\/div>\n<\/div>\n\n\n\n<div class=\"wp-block-group alignfull has-ast-global-color-5-background-color has-background is-layout-constrained wp-container-core-group-is-layout-94d206d0 wp-block-group-is-layout-constrained\" id=\"about\" style=\"padding-top:143px;padding-bottom:144px\">\n<figure class=\"wp-block-image size-full\"><img loading=\"lazy\" decoding=\"async\" width=\"605\" height=\"341\" src=\"https:\/\/klinikarastirmasigortasi.com\/wp-content\/uploads\/2025\/07\/Resim1-1.jpg\" alt=\"\" class=\"wp-image-46\" srcset=\"https:\/\/klinikarastirmasigortasi.com\/wp-content\/uploads\/2025\/07\/Resim1-1.jpg 605w, https:\/\/klinikarastirmasigortasi.com\/wp-content\/uploads\/2025\/07\/Resim1-1-300x169.jpg 300w\" sizes=\"auto, (max-width: 605px) 100vw, 605px\" \/><\/figure>\n\n\n\n<p><strong>Klinik Ara\u015ft\u0131rmalar Sorumluluk Sigortas\u0131<\/strong><\/p>\n\n\n\n<p><strong>KL\u0130N\u0130K ARA\u015eTIRMALAR SORUMLULUK S\u0130GORTASI<br><\/strong>NED\u0130R?<\/p>\n\n\n\n<p>Klinik ara\u015ft\u0131rmaya kat\u0131lan g\u00f6n\u00fcll\u00fclerin, klinik ara\u015ft\u0131rma s\u0131ras\u0131nda kullan\u0131lan ara\u015ft\u0131rma \u00fcr\u00fcnlerinden ve ara\u015ft\u0131rmada uygulanan i\u015flemlerden dolay\u0131 olu\u015fabilecek zarara maruz kalmas\u0131 veya \u00f6lmesi halinde poli\u00e7ede yaz\u0131l\u0131 teminat limitine kadar g\u00fcvence alt\u0131na alan sigorta t\u00fcr\u00fcd\u00fcr. . Bu riskleri koruma alt\u0131na almak amac\u0131yla \u201cKlinik Ara\u015ft\u0131rmalar Sorumluluk Sigortas\u0131\u201d yap\u0131lmaktad\u0131r. T\u00fcrkiye Cumhuriyeti\u2019nin hukuki sorumlulu\u011fa ili\u015fkin mevzuat\u0131 gere\u011fince do\u011facak sorumlulu\u011fu i\u00e7in sigorta s\u00f6zle\u015fmesinde yer alan limit, istisnalar, h\u00fck\u00fcm ve \u015fartlar \u00e7er\u00e7evesinde ve \u00f6zellikle poli\u00e7ede belirtilen sorumluluk limitine kadar sigorta tazminat\u0131n\u0131n \u00f6denmesine ili\u015fkindir. Laboratuvar \u00e7al\u0131\u015fmalar\u0131na kat\u0131lan g\u00f6n\u00fcll\u00fc\/hastalar\u0131n ba\u015f\u0131na gelebilecek zarar ve olas\u0131 riskleri g\u00fcvence alt\u0131na almak amac\u0131 ile yap\u0131lan bu sigorta ara\u015ft\u0131rman\u0131n destekleyicisi konumundad\u0131r.<\/p>\n\n\n\n<p><strong>KL\u0130N\u0130K ARA\u015eTIRMA SORUMLULUK S\u0130GORTASI TEM\u0130NATLARI&nbsp;<\/strong>NELERD\u0130R?<\/p>\n\n\n\n<figure class=\"wp-block-image size-full\"><img loading=\"lazy\" decoding=\"async\" width=\"604\" height=\"387\" src=\"https:\/\/klinikarastirmasigortasi.com\/wp-content\/uploads\/2025\/07\/Resim2-1.jpg\" alt=\"\" class=\"wp-image-47\" srcset=\"https:\/\/klinikarastirmasigortasi.com\/wp-content\/uploads\/2025\/07\/Resim2-1.jpg 604w, https:\/\/klinikarastirmasigortasi.com\/wp-content\/uploads\/2025\/07\/Resim2-1-300x192.jpg 300w\" sizes=\"auto, (max-width: 604px) 100vw, 604px\" \/><\/figure>\n\n\n\n<p>Klinik deneye kat\u0131lan<br>g\u00f6n\u00fcll\u00fcn\u00fcn vefat\u0131<\/p>\n\n\n\n<p>Klinik deneye kat\u0131lan<br>g\u00f6n\u00fcll\u00fcn\u00fcn yaralanmas\u0131<\/p>\n\n\n\n<p>Klinik deneye kat\u0131lan<br>g\u00f6n\u00fcll\u00fcn\u00fcn s\u0131hhatinin bozulmas\u0131<\/p>\n\n\n\n<p><strong>NEDEN KL\u0130N\u0130K ARA\u015eTIRMA S\u0130GORTASI YAPTIRMALIYIZ?<\/strong><\/p>\n\n\n\n<figure class=\"wp-block-image size-full\"><img loading=\"lazy\" decoding=\"async\" width=\"605\" height=\"331\" src=\"https:\/\/klinikarastirmasigortasi.com\/wp-content\/uploads\/2025\/07\/Resim3-1.jpg\" alt=\"\" class=\"wp-image-48\" srcset=\"https:\/\/klinikarastirmasigortasi.com\/wp-content\/uploads\/2025\/07\/Resim3-1.jpg 605w, https:\/\/klinikarastirmasigortasi.com\/wp-content\/uploads\/2025\/07\/Resim3-1-300x164.jpg 300w\" sizes=\"auto, (max-width: 605px) 100vw, 605px\" \/><\/figure>\n\n\n\n<ul class=\"wp-block-list\">\n<li>Kat\u0131l\u0131mc\u0131lar\u0131n zarar g\u00f6rmesi durumunda poli\u00e7e limitleri kadar tazminat sa\u011flar.<\/li>\n\n\n\n<li>Ara\u015ft\u0131rmac\u0131lar ve sa\u011fl\u0131k kurulu\u015flar\u0131 i\u00e7in riskleri minimize eder.<\/li>\n\n\n\n<li>Sigorta, etik kurullardan ve d\u00fczenleyici kurumlardan onay almay\u0131 kolayla\u015ft\u0131r\u0131r ve ara\u015ft\u0131rmalar\u0131n ba\u015flamas\u0131 h\u0131zlan\u0131r.<\/li>\n\n\n\n<li>Giri\u015fimsel ara\u015ft\u0131rma g\u00f6n\u00fcll\u00fc sigortas\u0131<\/li>\n<\/ul>\n\n\n\n<p><\/p>\n\n\n\n<p><\/p>\n\n\n\n<figure class=\"wp-block-image size-full\"><img loading=\"lazy\" decoding=\"async\" width=\"605\" height=\"316\" src=\"https:\/\/klinikarastirmasigortasi.com\/wp-content\/uploads\/2025\/07\/Resim1.jpg\" alt=\"\" class=\"wp-image-37\" srcset=\"https:\/\/klinikarastirmasigortasi.com\/wp-content\/uploads\/2025\/07\/Resim1.jpg 605w, https:\/\/klinikarastirmasigortasi.com\/wp-content\/uploads\/2025\/07\/Resim1-300x157.jpg 300w\" sizes=\"auto, (max-width: 605px) 100vw, 605px\" \/><\/figure>\n\n\n\n<p><strong>\u00dcr\u00fcn Sorumluluk Sigortalar\u0131: T\u0131bbi \/ Medikal Cihazlar ve Di\u011fer \u00dcr\u00fcnler ( MDR\/IVDR )<\/strong><\/p>\n\n\n\n<p>\u00dcr\u00fcn Sorumluluk Sigortas\u0131 Nedir ve Kapsam\u0131 Nelerdir?<\/p>\n\n\n\n<p>\u00dcr\u00fcn sorumluluk sigortas\u0131; bir \u00fcr\u00fcn\u00fcn kullan\u0131m\u0131 sonucunda ki\u015filerin yaralanmas\u0131 veya mallar\u0131n zarar g\u00f6rmesi durumunda, \u00fcretici ve ilgili taraflar\u0131 mali a\u00e7\u0131dan koruma alt\u0131na alan bir sigorta t\u00fcr\u00fcd\u00fcr. Bu sigorta, \u00fcr\u00fcn\u00fcn tasar\u0131m\u0131, \u00fcretimi veya pazarlanmas\u0131 a\u015famalar\u0131nda meydana gelen hatalardan kaynaklanan her t\u00fcrl\u00fc zarar\u0131 teminat alt\u0131na al\u0131r.<\/p>\n\n\n\n<figure class=\"wp-block-image size-full\"><img loading=\"lazy\" decoding=\"async\" width=\"572\" height=\"288\" src=\"https:\/\/klinikarastirmasigortasi.com\/wp-content\/uploads\/2025\/07\/Resim3.jpg\" alt=\"\" class=\"wp-image-41\" srcset=\"https:\/\/klinikarastirmasigortasi.com\/wp-content\/uploads\/2025\/07\/Resim3.jpg 572w, https:\/\/klinikarastirmasigortasi.com\/wp-content\/uploads\/2025\/07\/Resim3-300x151.jpg 300w\" sizes=\"auto, (max-width: 572px) 100vw, 572px\" \/><\/figure>\n\n\n\n<p>Bu sigorta kapsam\u0131nda de\u011ferlendirilen ba\u015fl\u0131ca durumlar \u015funlard\u0131r:<\/p>\n\n\n\n<p><strong>Kusurlu \u00fcr\u00fcnler nedeniyle meydana gelen bedensel yaralanmalar<\/strong> (Hastal\u0131k, rahats\u0131zl\u0131k ve \u00f6l\u00fcm dahil)<\/p>\n\n\n\n<p><strong>Maddi zararlar<\/strong><\/p>\n\n\n\n<p><strong>Yasal giderler ve tazminat maliyetleri<\/strong><\/p>\n\n\n\n<p>\u00dcr\u00fcn sorumluluk sigortas\u0131, t\u0131bbi cihazlar gibi \u00fcr\u00fcnler i\u00e7in kapsaml\u0131 bir koruma sa\u011flar. Bu koruma kapsam\u0131nda a\u015fa\u011f\u0131daki unsurlar yer al\u0131r:<\/p>\n\n\n\n<p><strong>Kaza ve Yaralanmalar:<\/strong><\/p>\n\n\n\n<p><strong>Maddi Zararlar:<\/strong><\/p>\n\n\n\n<p><strong>Dava \u00dccretleri:<\/strong><\/p>\n\n\n\n<p><strong>\u00dcr\u00fcnle ilgili a\u00e7\u0131labilecek davalarda, \u00fcretici veya da\u011f\u0131t\u0131c\u0131lar\u0131n yasal savunma masraflar\u0131 ile tazminat \u00f6demeleri sigorta kapsam\u0131na dahil edilebilir.<\/strong><\/p>\n\n\n\n<p><strong>Geri \u00c7a\u011f\u0131rma Masraflar\u0131:<\/strong><\/p>\n\n\n\n<p>T\u0131bbi Cihazlar ve \u00dcr\u00fcn Sorumluluk Sigortas\u0131<\/p>\n\n\n\n<p><strong>T\u0131bbi cihazlar<\/strong> insan sa\u011fl\u0131\u011f\u0131 \u00fczerinde etkisi bulunan \u00fcr\u00fcnlerdir. Bu nedenle, t\u0131bbi cihazlar i\u00e7in \u00fcr\u00fcn sorumluluk sigortas\u0131 b\u00fcy\u00fck \u00f6nem ta\u015f\u0131r. T\u0131bbi cihazlar, yanl\u0131\u015f veya hatal\u0131 kullan\u0131ld\u0131\u011f\u0131nda ciddi sa\u011fl\u0131k sorunlar\u0131na yol a\u00e7abilir.&nbsp; \u00dcr\u00fcn sorumluluk sigortas\u0131 bu t\u00fcr durumlarda \u00fcreticileri ve di\u011fer ilgili taraflar\u0131 maddi sorumluluklara kar\u015f\u0131 koruma alt\u0131na al\u0131r.<\/p>\n\n\n\n<figure class=\"wp-block-image size-full\"><img loading=\"lazy\" decoding=\"async\" width=\"501\" height=\"300\" src=\"https:\/\/klinikarastirmasigortasi.com\/wp-content\/uploads\/2025\/07\/Resim2.jpg\" alt=\"\" class=\"wp-image-42\" srcset=\"https:\/\/klinikarastirmasigortasi.com\/wp-content\/uploads\/2025\/07\/Resim2.jpg 501w, https:\/\/klinikarastirmasigortasi.com\/wp-content\/uploads\/2025\/07\/Resim2-300x180.jpg 300w\" sizes=\"auto, (max-width: 501px) 100vw, 501px\" \/><\/figure>\n\n\n\n<p><br>T\u0131bbi Cihazlar \u0130\u00e7in \u00dcr\u00fcn Sorumluluk Sigortas\u0131n\u0131n \u00d6nemi:<\/p>\n\n\n\n<div class=\"wp-block-group is-nowrap is-layout-flex wp-container-core-group-is-layout-6c531013 wp-block-group-is-layout-flex\">\n<ol start=\"1\" class=\"wp-block-list\">\n<li><strong>Yaralanmalar ve Zararlar<\/strong>: T\u0131bbi cihazlar, cerrahi m\u00fcdahaleler, te\u015fhisler veya tedavi s\u00fcre\u00e7lerinde kullan\u0131ld\u0131\u011f\u0131ndan, yanl\u0131\u015f kullan\u0131m veya \u00fcretim hatas\u0131 sonucu kullan\u0131c\u0131lar\u0131n ciddi \u015fekilde yaralanmas\u0131 veya sa\u011fl\u0131k sorunlar\u0131 ya\u015famas\u0131 m\u00fcmk\u00fcnd\u00fcr. \u00dcr\u00fcn sorumluluk sigortas\u0131, bu t\u00fcr durumlar i\u00e7in tazminat \u00f6demesi sa\u011flar.<\/li>\n\n\n\n<li><strong>Geri \u00c7a\u011f\u0131rma Durumlar\u0131<\/strong>: T\u0131bbi cihazlarda olu\u015fabilecek \u00fcretim hatalar\u0131 veya g\u00fcvenlik sorunlar\u0131 nedeniyle geri \u00e7a\u011f\u0131rma i\u015flemleri gerekebilir. \u00dcr\u00fcn sorumluluk sigortas\u0131, bu s\u00fcre\u00e7lerde ortaya \u00e7\u0131kan \u00fcr\u00fcn toplama, de\u011fi\u015ftirme, uyar\u0131 yay\u0131nlama gibi maliyetlerin kar\u015f\u0131lanmas\u0131na destek olabilir.<\/li>\n\n\n\n<li><strong>Yasal Koruma<\/strong>: T\u0131bbi cihazlarla ilgili a\u00e7\u0131lan davalarda, \u00fcr\u00fcn sorumluluk sigortas\u0131 \u00fcreticiyi hukuki a\u00e7\u0131dan destekleyebilir. Sigorta, dava s\u00fcre\u00e7lerinin finansal y\u00fck\u00fcn\u00fc azalt\u0131rken; mahkeme kararlar\u0131 sonucu \u00f6denmesi gereken tazminatlar\u0131n da kapsam dahilinde kar\u015f\u0131lanmas\u0131n\u0131 sa\u011flayabilir<\/li>\n<\/ol>\n<\/div>\n\n\n\n<p>\u00dcr\u00fcn Sorumluluk Sigortas\u0131 Kapsam\u0131 ve T\u00fcrleri<\/p>\n\n\n\n<p>\u00dcr\u00fcn sorumluluk sigortas\u0131 genellikle \u00fc\u00e7 ana ba\u015fl\u0131k alt\u0131nda de\u011ferlendirilir.<\/p>\n\n\n\n<ol start=\"1\" class=\"wp-block-list\">\n<li><strong>Tasar\u0131m Hatalar\u0131<\/strong>: T\u0131bbi cihazlarla ilgili a\u00e7\u0131lan davalarda, \u00fcr\u00fcn sorumluluk sigortas\u0131 \u00fcreticiyi hukuki a\u00e7\u0131dan destekleyebilir. Sigorta, dava s\u00fcre\u00e7lerinin finansal y\u00fck\u00fcn\u00fc azalt\u0131rken; mahkeme kararlar\u0131 sonucu \u00f6denmesi gereken tazminatlar\u0131n da kapsam dahilinde kar\u015f\u0131lanmas\u0131n\u0131 sa\u011flayabilir.<\/li>\n\n\n\n<li><strong>\u00dcretim Hatalar\u0131<\/strong>: \u00dcretim s\u00fcrecinde meydana gelen hatalar, yanl\u0131\u015f malzeme kullan\u0131m\u0131 veya \u00fcretim aksakl\u0131klar\u0131 nedeniyle \u00fcr\u00fcn\u00fcn i\u015flevini yitirmesi veya zarar vermesi gibi durumlar\u0131 i\u00e7erir. T\u0131bbi cihazlarda bu t\u00fcr \u00fcretim hatalar\u0131, \u00f6nemli sa\u011fl\u0131k risklerine yol a\u00e7abilir.<\/li>\n\n\n\n<li><strong>Pazarlama ve Da\u011f\u0131t\u0131m Hatalar\u0131<\/strong>: \u00dcr\u00fcnlerin yanl\u0131\u015f \u015fekilde etiketlenmesi, eksik veya hatal\u0131 kullan\u0131m talimatlar\u0131 ya da yetersiz a\u00e7\u0131klamalar nedeniyle olu\u015fabilecek zararlar bu kategoriye girer. Bu t\u00fcr ileti\u015fim eksiklikleri, kullan\u0131c\u0131lar a\u00e7\u0131s\u0131ndan ciddi sonu\u00e7lar do\u011furabilir.<\/li>\n<\/ol>\n<\/div>\n\n\n\n<div class=\"wp-block-group alignfull has-background is-layout-constrained wp-container-core-group-is-layout-cfcca693 wp-block-group-is-layout-constrained\" id=\"contact\" style=\"background:linear-gradient(35deg,rgb(6,0,151) 0%,rgb(130,4,255) 64%,rgb(193,15,255) 98%);padding-top:104px;padding-bottom:104px\">\n<h2 class=\"wp-block-heading has-text-align-left has-text-color\" style=\"color:#ffffff\">\u0130LET\u0130\u015e\u0130M B\u0130LG\u0130LER\u0130 <\/h2>\n\n\n\n<p><mark style=\"background-color:rgba(0, 0, 0, 0)\" class=\"has-inline-color has-ast-global-color-5-color\">TEL: 0507 428 10 87<br>TEL: 0532\u00a0385\u00a025\u00a060<\/mark><\/p>\n\n\n\n<p><mark style=\"background-color:rgba(0, 0, 0, 0)\" class=\"has-inline-color has-ast-global-color-5-color\">E-Posta: info@klinikarastirmasigortasi.com<\/mark><\/p>\n\n\n\n<p><\/p>\n<\/div>\n\n\n\n<p><\/p>\n","protected":false},"excerpt":{"rendered":"<p>\u00dcR\u00dcNLER\u0130M\u0130Z Klinik Ara\u015ft\u0131rmalar Sorumluluk Sigortas\u0131 Klinik ara\u015ft\u0131rmaya kat\u0131lan g\u00f6n\u00fcll\u00fclerin, klinik ara\u015ft\u0131rma s\u0131ras\u0131nda kullan\u0131lan ara\u015ft\u0131rma \u00fcr\u00fcnlerinden ve ara\u015ft\u0131rmada uygulanan i\u015flemlerden dolay\u0131 [&hellip;]<\/p>\n","protected":false},"author":1,"featured_media":0,"parent":0,"menu_order":0,"comment_status":"closed","ping_status":"closed","template":"","meta":{"site-sidebar-layout":"no-sidebar","site-content-layout":"plain-container","ast-site-content-layout":"default","site-content-style":"default","site-sidebar-style":"default","ast-global-header-display":"","ast-banner-title-visibility":"","ast-main-header-display":"","ast-hfb-above-header-display":"","ast-hfb-below-header-display":"","ast-hfb-mobile-header-display":"","site-post-title":"disabled","ast-breadcrumbs-content":"","ast-featured-img":"","footer-sml-layout":"","theme-transparent-header-meta":"enabled","adv-header-id-meta":"","stick-header-meta":"","header-above-stick-meta":"","header-main-stick-meta":"","header-below-stick-meta":"","astra-migrate-meta-layouts":"default","ast-page-background-enabled":"default","ast-page-background-meta":{"desktop":{"background-color":"var(--ast-global-color-5)","background-image":"","background-repeat":"repeat","background-position":"center center","background-size":"auto","background-attachment":"scroll","background-type":"","background-media":"","overlay-type":"","overlay-color":"","overlay-opacity":"","overlay-gradient":""},"tablet":{"background-color":"","background-image":"","background-repeat":"repeat","background-position":"center center","background-size":"auto","background-attachment":"scroll","background-type":"","background-media":"","overlay-type":"","overlay-color":"","overlay-opacity":"","overlay-gradient":""},"mobile":{"background-color":"","background-image":"","background-repeat":"repeat","background-position":"center center","background-size":"auto","background-attachment":"scroll","background-type":"","background-media":"","overlay-type":"","overlay-color":"","overlay-opacity":"","overlay-gradient":""}},"ast-content-background-meta":{"desktop":{"background-color":"var(--ast-global-color-4)","background-image":"","background-repeat":"repeat","background-position":"center center","background-size":"auto","background-attachment":"scroll","background-type":"","background-media":"","overlay-type":"","overlay-color":"","overlay-opacity":"","overlay-gradient":""},"tablet":{"background-color":"var(--ast-global-color-4)","background-image":"","background-repeat":"repeat","background-position":"center center","background-size":"auto","background-attachment":"scroll","background-type":"","background-media":"","overlay-type":"","overlay-color":"","overlay-opacity":"","overlay-gradient":""},"mobile":{"background-color":"var(--ast-global-color-4)","background-image":"","background-repeat":"repeat","background-position":"center center","background-size":"auto","background-attachment":"scroll","background-type":"","background-media":"","overlay-type":"","overlay-color":"","overlay-opacity":"","overlay-gradient":""}},"footnotes":""},"class_list":["post-14","page","type-page","status-publish","hentry"],"_links":{"self":[{"href":"https:\/\/klinikarastirmasigortasi.com\/index.php?rest_route=\/wp\/v2\/pages\/14","targetHints":{"allow":["GET"]}}],"collection":[{"href":"https:\/\/klinikarastirmasigortasi.com\/index.php?rest_route=\/wp\/v2\/pages"}],"about":[{"href":"https:\/\/klinikarastirmasigortasi.com\/index.php?rest_route=\/wp\/v2\/types\/page"}],"author":[{"embeddable":true,"href":"https:\/\/klinikarastirmasigortasi.com\/index.php?rest_route=\/wp\/v2\/users\/1"}],"replies":[{"embeddable":true,"href":"https:\/\/klinikarastirmasigortasi.com\/index.php?rest_route=%2Fwp%2Fv2%2Fcomments&post=14"}],"version-history":[{"count":27,"href":"https:\/\/klinikarastirmasigortasi.com\/index.php?rest_route=\/wp\/v2\/pages\/14\/revisions"}],"predecessor-version":[{"id":104,"href":"https:\/\/klinikarastirmasigortasi.com\/index.php?rest_route=\/wp\/v2\/pages\/14\/revisions\/104"}],"wp:attachment":[{"href":"https:\/\/klinikarastirmasigortasi.com\/index.php?rest_route=%2Fwp%2Fv2%2Fmedia&parent=14"}],"curies":[{"name":"wp","href":"https:\/\/api.w.org\/{rel}","templated":true}]}}